{"id":6167,"date":"2024-03-08T14:14:04","date_gmt":"2024-03-08T13:14:04","guid":{"rendered":"https:\/\/fondmetal.com\/codes-et-autres-documents\/"},"modified":"2026-02-09T16:54:54","modified_gmt":"2026-02-09T15:54:54","slug":"codes-et-autres-documents","status":"publish","type":"page","link":"https:\/\/fondmetal.com\/fr\/codes-et-autres-documents\/","title":{"rendered":"Codes et autres documents"},"content":{"rendered":"<p class=\"p1\">Dans cette section, vous trouverez les documents officiels de Fondmetal, disponibles \u00e0 la consultation et au t\u00e9l\u00e9chargement. Nous r\u00e9alisons notre <span class=\"s1\"><b>Rapport sur le d\u00e9veloppement durable<\/b><\/span>le <span class=\"s1\"><b>Code d&rsquo;\u00e9thique<\/b><\/span>les politiques et lignes directrices de l&rsquo;entreprise en mati\u00e8re de <span class=\"s1\"><b>d\u00e9nonciation<\/b><\/span>garantir la transparence, la responsabilit\u00e9 et le respect des r\u00e9glementations. L&rsquo;acc\u00e8s \u00e0 ces ressources refl\u00e8te notre engagement en faveur d&rsquo;une gestion \u00e9thique et durable de l&rsquo;entreprise.  <\/p>\n","protected":false},"excerpt":{"rendered":"<p>Dans cette section, vous trouverez les documents officiels de Fondmetal, disponibles \u00e0 la consultation et au t\u00e9l\u00e9chargement. Nous r\u00e9alisons notre Rapport sur le d\u00e9veloppement durablele Code d&rsquo;\u00e9thiqueles politiques et lignes directrices de l&rsquo;entreprise en mati\u00e8re de d\u00e9nonciationgarantir la transparence, la responsabilit\u00e9 et le respect des r\u00e9glementations. L&rsquo;acc\u00e8s \u00e0 ces ressources refl\u00e8te notre engagement en faveur [&hellip;]<\/p>\n","protected":false},"author":241724721,"featured_media":0,"parent":0,"menu_order":0,"comment_status":"closed","ping_status":"closed","template":"page-templates\/page-codes-and-docs.php","meta":{"_acf_changed":false,"jetpack_post_was_ever_published":false,"footnotes":""},"class_list":["post-6167","page","type-page","status-publish","hentry"],"acf":[],"yoast_head":"<!-- This site is optimized with the Yoast SEO Premium plugin v27.2 (Yoast SEO v27.3) - https:\/\/yoast.com\/product\/yoast-seo-premium-wordpress\/ -->\n<title>Codes et autres documents - Fondmetal<\/title>\n<meta name=\"robots\" content=\"index, follow, max-snippet:-1, max-image-preview:large, max-video-preview:-1\" \/>\n<link rel=\"canonical\" href=\"https:\/\/fondmetal.com\/fr\/codes-et-autres-documents\/\" \/>\n<meta property=\"og:locale\" content=\"fr_FR\" \/>\n<meta property=\"og:type\" content=\"article\" \/>\n<meta property=\"og:title\" content=\"Codes et autres documents\" \/>\n<meta property=\"og:description\" content=\"Dans cette section, vous trouverez les documents officiels de Fondmetal, disponibles \u00e0 la consultation et au t\u00e9l\u00e9chargement. Nous r\u00e9alisons notre Rapport sur le d\u00e9veloppement durablele Code d&rsquo;\u00e9thiqueles politiques et lignes directrices de l&rsquo;entreprise en mati\u00e8re de d\u00e9nonciationgarantir la transparence, la responsabilit\u00e9 et le respect des r\u00e9glementations. L&rsquo;acc\u00e8s \u00e0 ces ressources refl\u00e8te notre engagement en faveur [&hellip;]\" \/>\n<meta property=\"og:url\" content=\"https:\/\/fondmetal.com\/fr\/codes-et-autres-documents\/\" \/>\n<meta property=\"og:site_name\" content=\"Fondmetal\" \/>\n<meta property=\"article:publisher\" content=\"https:\/\/www.facebook.com\/fondmetal\" \/>\n<meta property=\"article:modified_time\" content=\"2026-02-09T15:54:54+00:00\" \/>\n<meta name=\"twitter:card\" content=\"summary_large_image\" \/>\n<script type=\"application\/ld+json\" class=\"yoast-schema-graph\">{\"@context\":\"https:\\\/\\\/schema.org\",\"@graph\":[{\"@type\":\"WebPage\",\"@id\":\"https:\\\/\\\/fondmetal.com\\\/fr\\\/codes-et-autres-documents\\\/\",\"url\":\"https:\\\/\\\/fondmetal.com\\\/fr\\\/codes-et-autres-documents\\\/\",\"name\":\"Codes et autres documents - Fondmetal\",\"isPartOf\":{\"@id\":\"https:\\\/\\\/fondmetal.com\\\/fr\\\/#website\"},\"datePublished\":\"2024-03-08T13:14:04+00:00\",\"dateModified\":\"2026-02-09T15:54:54+00:00\",\"breadcrumb\":{\"@id\":\"https:\\\/\\\/fondmetal.com\\\/fr\\\/codes-et-autres-documents\\\/#breadcrumb\"},\"inLanguage\":\"fr-FR\",\"potentialAction\":[{\"@type\":\"ReadAction\",\"target\":[\"https:\\\/\\\/fondmetal.com\\\/fr\\\/codes-et-autres-documents\\\/\"]}]},{\"@type\":\"BreadcrumbList\",\"@id\":\"https:\\\/\\\/fondmetal.com\\\/fr\\\/codes-et-autres-documents\\\/#breadcrumb\",\"itemListElement\":[{\"@type\":\"ListItem\",\"position\":1,\"name\":\"Home\",\"item\":\"https:\\\/\\\/fondmetal.com\\\/fr\\\/page-daccueil\\\/\"},{\"@type\":\"ListItem\",\"position\":2,\"name\":\"Codes et autres documents\"}]},{\"@type\":\"WebSite\",\"@id\":\"https:\\\/\\\/fondmetal.com\\\/fr\\\/#website\",\"url\":\"https:\\\/\\\/fondmetal.com\\\/fr\\\/\",\"name\":\"Fondmetal S.p.A.\",\"description\":\"Cerchi in lega Fondmetal. Qualit\u00e0 e innovazione da oltre 50 anni.\",\"publisher\":{\"@id\":\"https:\\\/\\\/fondmetal.com\\\/fr\\\/#organization\"},\"potentialAction\":[{\"@type\":\"SearchAction\",\"target\":{\"@type\":\"EntryPoint\",\"urlTemplate\":\"https:\\\/\\\/fondmetal.com\\\/fr\\\/?s={search_term_string}\"},\"query-input\":{\"@type\":\"PropertyValueSpecification\",\"valueRequired\":true,\"valueName\":\"search_term_string\"}}],\"inLanguage\":\"fr-FR\"},{\"@type\":\"Organization\",\"@id\":\"https:\\\/\\\/fondmetal.com\\\/fr\\\/#organization\",\"name\":\"Fondmetal S.p.A.\",\"url\":\"https:\\\/\\\/fondmetal.com\\\/fr\\\/\",\"logo\":{\"@type\":\"ImageObject\",\"inLanguage\":\"fr-FR\",\"@id\":\"https:\\\/\\\/fondmetal.com\\\/fr\\\/#\\\/schema\\\/logo\\\/image\\\/\",\"url\":\"https:\\\/\\\/fondmetal.com\\\/wp-content\\\/uploads\\\/2024\\\/09\\\/logo-fm-white-c.webp\",\"contentUrl\":\"https:\\\/\\\/fondmetal.com\\\/wp-content\\\/uploads\\\/2024\\\/09\\\/logo-fm-white-c.webp\",\"width\":2332,\"height\":240,\"caption\":\"Fondmetal S.p.A.\"},\"image\":{\"@id\":\"https:\\\/\\\/fondmetal.com\\\/fr\\\/#\\\/schema\\\/logo\\\/image\\\/\"},\"sameAs\":[\"https:\\\/\\\/www.facebook.com\\\/fondmetal\",\"https:\\\/\\\/www.instagram.com\\\/fondmetal\",\"https:\\\/\\\/www.youtube.com\\\/@fondmetalspa9019\",\"https:\\\/\\\/it.linkedin.com\\\/company\\\/fondmetal-spa\"]}]}<\/script>\n<!-- \/ Yoast SEO Premium plugin. -->","yoast_head_json":{"title":"Codes et autres documents - Fondmetal","robots":{"index":"index","follow":"follow","max-snippet":"max-snippet:-1","max-image-preview":"max-image-preview:large","max-video-preview":"max-video-preview:-1"},"canonical":"https:\/\/fondmetal.com\/fr\/codes-et-autres-documents\/","og_locale":"fr_FR","og_type":"article","og_title":"Codes et autres documents","og_description":"Dans cette section, vous trouverez les documents officiels de Fondmetal, disponibles \u00e0 la consultation et au t\u00e9l\u00e9chargement. Nous r\u00e9alisons notre Rapport sur le d\u00e9veloppement durablele Code d&rsquo;\u00e9thiqueles politiques et lignes directrices de l&rsquo;entreprise en mati\u00e8re de d\u00e9nonciationgarantir la transparence, la responsabilit\u00e9 et le respect des r\u00e9glementations. L&rsquo;acc\u00e8s \u00e0 ces ressources refl\u00e8te notre engagement en faveur [&hellip;]","og_url":"https:\/\/fondmetal.com\/fr\/codes-et-autres-documents\/","og_site_name":"Fondmetal","article_publisher":"https:\/\/www.facebook.com\/fondmetal","article_modified_time":"2026-02-09T15:54:54+00:00","twitter_card":"summary_large_image","schema":{"@context":"https:\/\/schema.org","@graph":[{"@type":"WebPage","@id":"https:\/\/fondmetal.com\/fr\/codes-et-autres-documents\/","url":"https:\/\/fondmetal.com\/fr\/codes-et-autres-documents\/","name":"Codes et autres documents - Fondmetal","isPartOf":{"@id":"https:\/\/fondmetal.com\/fr\/#website"},"datePublished":"2024-03-08T13:14:04+00:00","dateModified":"2026-02-09T15:54:54+00:00","breadcrumb":{"@id":"https:\/\/fondmetal.com\/fr\/codes-et-autres-documents\/#breadcrumb"},"inLanguage":"fr-FR","potentialAction":[{"@type":"ReadAction","target":["https:\/\/fondmetal.com\/fr\/codes-et-autres-documents\/"]}]},{"@type":"BreadcrumbList","@id":"https:\/\/fondmetal.com\/fr\/codes-et-autres-documents\/#breadcrumb","itemListElement":[{"@type":"ListItem","position":1,"name":"Home","item":"https:\/\/fondmetal.com\/fr\/page-daccueil\/"},{"@type":"ListItem","position":2,"name":"Codes et autres documents"}]},{"@type":"WebSite","@id":"https:\/\/fondmetal.com\/fr\/#website","url":"https:\/\/fondmetal.com\/fr\/","name":"Fondmetal S.p.A.","description":"Cerchi in lega Fondmetal. Qualit\u00e0 e innovazione da oltre 50 anni.","publisher":{"@id":"https:\/\/fondmetal.com\/fr\/#organization"},"potentialAction":[{"@type":"SearchAction","target":{"@type":"EntryPoint","urlTemplate":"https:\/\/fondmetal.com\/fr\/?s={search_term_string}"},"query-input":{"@type":"PropertyValueSpecification","valueRequired":true,"valueName":"search_term_string"}}],"inLanguage":"fr-FR"},{"@type":"Organization","@id":"https:\/\/fondmetal.com\/fr\/#organization","name":"Fondmetal S.p.A.","url":"https:\/\/fondmetal.com\/fr\/","logo":{"@type":"ImageObject","inLanguage":"fr-FR","@id":"https:\/\/fondmetal.com\/fr\/#\/schema\/logo\/image\/","url":"https:\/\/fondmetal.com\/wp-content\/uploads\/2024\/09\/logo-fm-white-c.webp","contentUrl":"https:\/\/fondmetal.com\/wp-content\/uploads\/2024\/09\/logo-fm-white-c.webp","width":2332,"height":240,"caption":"Fondmetal S.p.A."},"image":{"@id":"https:\/\/fondmetal.com\/fr\/#\/schema\/logo\/image\/"},"sameAs":["https:\/\/www.facebook.com\/fondmetal","https:\/\/www.instagram.com\/fondmetal","https:\/\/www.youtube.com\/@fondmetalspa9019","https:\/\/it.linkedin.com\/company\/fondmetal-spa"]}]}},"jetpack_shortlink":"https:\/\/wp.me\/PfespX-1Bt","jetpack-related-posts":[{"id":3612,"url":"https:\/\/fondmetal.com\/fr\/","url_meta":{"origin":6167,"position":0},"title":"Fondmetal","author":"Gianluca Manenti","date":"23 janvier 2024","format":false,"excerpt":"A propos de nous Fond\u00e9e en 1972, Fondmetal est une r\u00e9f\u00e9rence dans la production de jantes en alliage de haute qualit\u00e9. Bas\u00e9e \u00e0 Palosco (BG), notre entreprise est fi\u00e8re de g\u00e9rer l'ensemble du processus de production des jantes en alliage en interne, assurant ainsi un contr\u00f4le maximal sur la qualit\u00e9\u2026","rel":"","context":"Article similaire","block_context":{"text":"Article similaire","link":""},"img":{"alt_text":"","src":"","width":0,"height":0},"classes":[]},{"id":6158,"url":"https:\/\/fondmetal.com\/fr\/notre-histoire\/","url_meta":{"origin":6167,"position":1},"title":"Notre histoire","author":"Gianluca Manenti","date":"30 octobre 2023","format":false,"excerpt":"1. Les origines L'histoire de FONDMETAL a commenc\u00e9 \u00e0 Palosco, une petite ville situ\u00e9e entre Bergame et Brescia, le 21 juin 1972. L'entreprise a \u00e9t\u00e9 fond\u00e9e en tant que fonderie d'aluminium pour le compte de tiers, poursuivant ainsi une tradition familiale : en effet, d\u00e8s 1908, l'arri\u00e8re-grand-p\u00e8re de Stefano et\u2026","rel":"","context":"Article similaire","block_context":{"text":"Article similaire","link":""},"img":{"alt_text":"","src":"","width":0,"height":0},"classes":[]},{"id":6165,"url":"https:\/\/fondmetal.com\/fr\/durabilite\/","url_meta":{"origin":6167,"position":2},"title":"Durabilit\u00e9","author":"Gianluca Manenti","date":"14 mars 2024","format":false,"excerpt":"Performance respectueuse de l'environnement. Dans Fondmetalla passion pour la technologie se conjugue avec un engagement pour la plan\u00e8te. Notre vision est claire : concevoir un avenir o\u00f9 o\u00f9 performance et respect de l'environnement vont dans la m\u00eame direction. Pour consulter notre rapport sur le d\u00e9veloppement durable, veuillez visiter la section\u2026","rel":"","context":"Article similaire","block_context":{"text":"Article similaire","link":""},"img":{"alt_text":"","src":"","width":0,"height":0},"classes":[]},{"id":6160,"url":"https:\/\/fondmetal.com\/fr\/liste-des-revendeurs-et-des-distributeurs\/","url_meta":{"origin":6167,"position":3},"title":"Liste des revendeurs et des distributeurs","author":"Gianluca Manenti","date":"30 octobre 2023","format":false,"excerpt":"Vous \u00eates \u00e0 la recherche d'un revendeur ou d'un distributeur pour nos jantes en alliage exclusives Fondmetal ? Vous \u00eates au bon endroit ! Utilisez notre liste de revendeurs et de distributeurs pour trouver facilement le point de vente le plus proche de chez vous. S\u00e9lectionnez votre revendeur pr\u00e9f\u00e9r\u00e9 et\u2026","rel":"","context":"Article similaire","block_context":{"text":"Article similaire","link":""},"img":{"alt_text":"","src":"","width":0,"height":0},"classes":[]},{"id":6156,"url":"https:\/\/fondmetal.com\/fr\/configurateur-de-jantes-en-alliage-3d\/","url_meta":{"origin":6167,"position":4},"title":"Configurateur de jantes en alliage 3D","author":"Gianluca Manenti","date":"30 octobre 2023","format":false,"excerpt":"Pourquoi choisir le configurateur 3D ? Personnalisation instantan\u00e9e : affichez les jantes directement sur votre v\u00e9hicule. Large compatibilit\u00e9 : parfait pour les voitures de sport, les SUV, les petites voitures et les v\u00e9hicules commerciaux. Qualit\u00e9 Fondmetal : excellente conception et performance depuis plus de 50 ans. Jantes en alliage 3D\u2026","rel":"","context":"Article similaire","block_context":{"text":"Article similaire","link":""},"img":{"alt_text":"","src":"","width":0,"height":0},"classes":[]},{"id":8413,"url":"https:\/\/fondmetal.com\/fr\/boutique\/","url_meta":{"origin":6167,"position":5},"title":"Boutique","author":"Gianluca Manenti","date":"3 juin 2025","format":false,"excerpt":"Pas de limitation de vitesse. Just Style. Prenez la piste dans le style officiel de Fondmetal. Notre ligne de merchandising a \u00e9t\u00e9 cr\u00e9\u00e9e pour ceux qui respirent le sport automobile et vivent chaque jour avec un esprit de course. Design technique, mat\u00e9riaux de premi\u00e8re qualit\u00e9 et d\u00e9tails inspir\u00e9s : chaque\u2026","rel":"","context":"Article similaire","block_context":{"text":"Article similaire","link":""},"img":{"alt_text":"","src":"","width":0,"height":0},"classes":[]}],"jetpack_sharing_enabled":true,"_links":{"self":[{"href":"https:\/\/fondmetal.com\/fr\/wp-json\/wp\/v2\/pages\/6167","targetHints":{"allow":["GET"]}}],"collection":[{"href":"https:\/\/fondmetal.com\/fr\/wp-json\/wp\/v2\/pages"}],"about":[{"href":"https:\/\/fondmetal.com\/fr\/wp-json\/wp\/v2\/types\/page"}],"author":[{"embeddable":true,"href":"https:\/\/fondmetal.com\/fr\/wp-json\/wp\/v2\/users\/241724721"}],"replies":[{"embeddable":true,"href":"https:\/\/fondmetal.com\/fr\/wp-json\/wp\/v2\/comments?post=6167"}],"version-history":[{"count":2,"href":"https:\/\/fondmetal.com\/fr\/wp-json\/wp\/v2\/pages\/6167\/revisions"}],"predecessor-version":[{"id":8643,"href":"https:\/\/fondmetal.com\/fr\/wp-json\/wp\/v2\/pages\/6167\/revisions\/8643"}],"wp:attachment":[{"href":"https:\/\/fondmetal.com\/fr\/wp-json\/wp\/v2\/media?parent=6167"}],"curies":[{"name":"wp","href":"https:\/\/api.w.org\/{rel}","templated":true}]}}