{"id":6255,"date":"2023-10-30T11:58:10","date_gmt":"2023-10-30T10:58:10","guid":{"rendered":"https:\/\/fondmetal.com\/nuestra-historia\/"},"modified":"2026-02-09T16:55:19","modified_gmt":"2026-02-09T15:55:19","slug":"nuestra-historia","status":"publish","type":"page","link":"https:\/\/fondmetal.com\/es\/nuestra-historia\/","title":{"rendered":"Nuestra historia"},"content":{"rendered":"<h4>1. Or\u00edgenes<\/h4>\n<p>La historia de <strong>FONDMETAL<\/strong> comenz\u00f3 en Palosco, una peque\u00f1a ciudad entre B\u00e9rgamo y Brescia, el 21 de junio de 1972.<\/p>\n<p>La empresa se fund\u00f3 como fundici\u00f3n de aluminio para terceros, continuando una tradici\u00f3n familiar: de hecho, ya en 1908, el bisabuelo de <strong>Stefano y Alessandra Rumi<\/strong>, actuales propietarios de <strong>Fondmetal<\/strong>, era propietario de una fundici\u00f3n de hierro.<\/p>\n<p>            <img decoding=\"async\" src=\"https:\/\/fondmetal.com\/wp-content\/uploads\/2024\/02\/outside-then-1.jpg\" title=\"\" alt=\"\" loading=\"lazy\" \/>            <img decoding=\"async\" src=\"https:\/\/fondmetal.com\/wp-content\/uploads\/2024\/02\/outside-now-1.jpg\" title=\"\" alt=\"\" loading=\"lazy\" \/>        <\/p>\n<h4>2. La transici\u00f3n a la automoci\u00f3n<\/h4>\n<p>Al principio, Fondmetal, fundada por  <strong>Gabriele Rumi<\/strong>  (padre de Stefano y Alessandra), se ocupa de la producci\u00f3n de las piezas m\u00e1s diversas, pero con el paso del tiempo, tanto por la demanda de los clientes como por la pasi\u00f3n de Rumi por los coches y las carreras, la empresa se especializ\u00f3 cada vez m\u00e1s en la producci\u00f3n de piezas para el<strong>industria del autom\u00f3vil<\/strong>.<\/p>\n<p>En Palosco se fabrican colectores de admisi\u00f3n, camisas de agua, c\u00e1rteres de embrague y c\u00e1rteres de aceite.<br \/>\nFondmetal llega as\u00ed a fabricar piezas importantes como culatas y bloques de motor para los motores Maserati Biturbo. <\/p>\n<p>            <img decoding=\"async\" src=\"https:\/\/fondmetal.com\/wp-content\/uploads\/2024\/02\/foundry-then-1.jpg\" title=\"\" alt=\"\" loading=\"lazy\" \/>            <img decoding=\"async\" src=\"https:\/\/fondmetal.com\/wp-content\/uploads\/2024\/02\/foundry-now-1.jpg\" title=\"\" alt=\"\" loading=\"lazy\" \/>        <\/p>\n<h4>3. El audaz giro hacia la independencia<\/h4>\n<p>Sin embargo, todo esto no basta para que <strong>Rumi<\/strong> garantice la total independencia de <strong>Fondmetal<\/strong>, total y absolutamente vinculada a las necesidades de sus clientes, sobre todo en un periodo tan delicado tras la crisis del petr\u00f3leo.<\/p>\n<p>Los dif\u00edciles tiempos de la famosa austeridad convencieron a <strong>Gabriele Rumi<\/strong> de la necesidad ineludible de lanzar su propio producto para redimirse de la inevitable dependencia de la puesta en marcha por encargo.<br \/>\nFue una decisi\u00f3n valiente, que conllev\u00f3 un considerable y complicado esfuerzo de reconversi\u00f3n y desarrollo de equipos, pero que no asust\u00f3 a la empresa bergamasca. <\/p>\n<p>            <img decoding=\"async\" src=\"https:\/\/fondmetal.com\/wp-content\/uploads\/2024\/02\/painting-then-1.jpg\" title=\"\" alt=\"\" loading=\"lazy\" \/>            <img decoding=\"async\" src=\"https:\/\/fondmetal.com\/wp-content\/uploads\/2024\/02\/painting-now-1.jpg\" title=\"\" alt=\"\" loading=\"lazy\" \/>        <\/p>\n<h4>4. Liderazgo y excelencia en llantas de aleaci\u00f3n<\/h4>\n<p>La elecci\u00f3n del producto, por afinidad electiva con el mundo del autom\u00f3vil, recae en <strong>las llantas de aleaci\u00f3n<\/strong>. Y las nuevas e importantes inversiones se realizan con el objetivo de ofrecer un producto de alta calidad a los clientes. <\/p>\n<p>Hay funciones que permiten  <strong>Fondmetal<\/strong>  ser l\u00edder en el producto  <strong>llantas de aleaci\u00f3n ligera<\/strong>calidad de los productos (homologaci\u00f3n T\u00dcV, ECE, NAD), certificaciones IATF 16949, UNI EN ISO 14001 y UNI EN ISO 9001, mentalidad tecnol\u00f3gica adquirida en circuitos de todo el mundo, instalaciones de producci\u00f3n de vanguardia, flexibilidad, fiabilidad, rapidez.<\/p>\n<p>            <img decoding=\"async\" src=\"https:\/\/fondmetal.com\/wp-content\/uploads\/2024\/02\/packaging-then-1.jpg\" title=\"\" alt=\"\" loading=\"lazy\" \/>            <img decoding=\"async\" src=\"https:\/\/fondmetal.com\/wp-content\/uploads\/2024\/02\/packaging-now-1.jpg\" title=\"\" alt=\"\" loading=\"lazy\" \/>        <\/p>\n<h4>5. El 50 aniversario<\/h4>\n<p>En verano de 2022, Fondmetal celebr\u00f3 su <strong>50 aniversario<\/strong> con una serie de actos especiales en los que participaron empleados y clientes.<\/p>\n<p>Una de ellas fue el lanzamiento al mercado de la rueda especial de aniversario, llamada 1972, para celebrar 50 a\u00f1os de dise\u00f1o e innovaci\u00f3n.<\/p>\n<p>            <img decoding=\"async\" src=\"https:\/\/fondmetal.com\/wp-content\/uploads\/2024\/02\/design-then-1.jpg\" title=\"\" alt=\"\" loading=\"lazy\" \/>            <img decoding=\"async\" src=\"https:\/\/fondmetal.com\/wp-content\/uploads\/2024\/02\/design-now-1.jpg\" title=\"\" alt=\"\" loading=\"lazy\" \/>        <\/p>\n<h4>6. El futuro<\/h4>\n<p>La elecci\u00f3n del producto, por afinidades electivas con el mundo del autom\u00f3vil, recae en <strong>las llantas de aleaci\u00f3n<\/strong>. Y las nuevas e importantes inversiones se realizan con el objetivo de ofrecer un producto de alta calidad a los clientes. <\/p>\n<p>Hay funciones que permiten  <strong>Fondmetal<\/strong>  ser l\u00edder en el producto  <strong>llantas de aleaci\u00f3n ligera<\/strong>calidad de los productos (homologaci\u00f3n T\u00dcV, ECE, NAD), certificaciones IATF 16949, UNI EN ISO 14001 y UNI EN ISO 9001, mentalidad tecnol\u00f3gica adquirida en circuitos de todo el mundo, instalaciones de producci\u00f3n de vanguardia, flexibilidad, fiabilidad, rapidez.<\/p>\n<p>            <img decoding=\"async\" src=\"https:\/\/fondmetal.com\/wp-content\/uploads\/2024\/02\/quality-then-1.jpg\" title=\"\" alt=\"\" loading=\"lazy\" \/>            <img decoding=\"async\" src=\"https:\/\/fondmetal.com\/wp-content\/uploads\/2024\/02\/quality-now-1.jpg\" title=\"\" alt=\"\" loading=\"lazy\" \/><\/p>\n","protected":false},"excerpt":{"rendered":"<p>1. Or\u00edgenes La historia de FONDMETAL comenz\u00f3 en Palosco, una peque\u00f1a ciudad entre B\u00e9rgamo y Brescia, el 21 de junio de 1972. La empresa se fund\u00f3 como fundici\u00f3n de aluminio para terceros, continuando una tradici\u00f3n familiar: de hecho, ya en 1908, el bisabuelo de Stefano y Alessandra Rumi, actuales propietarios de Fondmetal, era propietario de [&hellip;]<\/p>\n","protected":false},"author":241724721,"featured_media":0,"parent":0,"menu_order":0,"comment_status":"closed","ping_status":"closed","template":"page-templates\/page-la-nostra-storia.php","meta":{"_acf_changed":false,"jetpack_post_was_ever_published":false,"footnotes":""},"class_list":["post-6255","page","type-page","status-publish","hentry"],"acf":[],"yoast_head":"<!-- This site is optimized with the Yoast SEO Premium plugin v27.2 (Yoast SEO v27.3) - https:\/\/yoast.com\/product\/yoast-seo-premium-wordpress\/ -->\n<title>Nuestra historia - Fondmetal<\/title>\n<meta name=\"description\" content=\"Fondmetal, de las Llantas de aleaci\u00f3n a la ic\u00f3nica presencia de la F\u00f3rmula 1, una historia de innovaci\u00f3n, pasi\u00f3n y \u00e9xito en el automovilismo y los coches.\" \/>\n<meta name=\"robots\" content=\"index, follow, max-snippet:-1, max-image-preview:large, max-video-preview:-1\" \/>\n<link rel=\"canonical\" href=\"https:\/\/fondmetal.com\/es\/nuestra-historia\/\" \/>\n<meta property=\"og:locale\" content=\"es_ES\" \/>\n<meta property=\"og:type\" content=\"article\" \/>\n<meta property=\"og:title\" content=\"Nuestra historia\" \/>\n<meta property=\"og:description\" content=\"Fondmetal, de las Llantas de aleaci\u00f3n a la ic\u00f3nica presencia de la F\u00f3rmula 1, una historia de innovaci\u00f3n, pasi\u00f3n y \u00e9xito en el automovilismo y los coches.\" \/>\n<meta property=\"og:url\" content=\"https:\/\/fondmetal.com\/es\/nuestra-historia\/\" \/>\n<meta property=\"og:site_name\" content=\"Fondmetal\" \/>\n<meta property=\"article:publisher\" content=\"https:\/\/www.facebook.com\/fondmetal\" \/>\n<meta property=\"article:modified_time\" content=\"2026-02-09T15:55:19+00:00\" \/>\n<meta property=\"og:image\" content=\"https:\/\/fondmetal.com\/wp-content\/uploads\/2024\/02\/outside-then-1.jpg\" \/>\n<meta name=\"twitter:card\" content=\"summary_large_image\" \/>\n<meta name=\"twitter:label1\" content=\"Tiempo de lectura\" \/>\n\t<meta name=\"twitter:data1\" content=\"3 minutos\" \/>\n<script type=\"application\/ld+json\" class=\"yoast-schema-graph\">{\"@context\":\"https:\\\/\\\/schema.org\",\"@graph\":[{\"@type\":\"WebPage\",\"@id\":\"https:\\\/\\\/fondmetal.com\\\/es\\\/nuestra-historia\\\/\",\"url\":\"https:\\\/\\\/fondmetal.com\\\/es\\\/nuestra-historia\\\/\",\"name\":\"Nuestra historia - Fondmetal\",\"isPartOf\":{\"@id\":\"https:\\\/\\\/fondmetal.com\\\/es\\\/#website\"},\"primaryImageOfPage\":{\"@id\":\"https:\\\/\\\/fondmetal.com\\\/es\\\/nuestra-historia\\\/#primaryimage\"},\"image\":{\"@id\":\"https:\\\/\\\/fondmetal.com\\\/es\\\/nuestra-historia\\\/#primaryimage\"},\"thumbnailUrl\":\"https:\\\/\\\/fondmetal.com\\\/wp-content\\\/uploads\\\/2024\\\/02\\\/outside-then-1.jpg\",\"datePublished\":\"2023-10-30T10:58:10+00:00\",\"dateModified\":\"2026-02-09T15:55:19+00:00\",\"description\":\"Fondmetal, de las Llantas de aleaci\u00f3n a la ic\u00f3nica presencia de la F\u00f3rmula 1, una historia de innovaci\u00f3n, pasi\u00f3n y \u00e9xito en el automovilismo y los coches.\",\"breadcrumb\":{\"@id\":\"https:\\\/\\\/fondmetal.com\\\/es\\\/nuestra-historia\\\/#breadcrumb\"},\"inLanguage\":\"es\",\"potentialAction\":[{\"@type\":\"ReadAction\",\"target\":[\"https:\\\/\\\/fondmetal.com\\\/es\\\/nuestra-historia\\\/\"]}]},{\"@type\":\"ImageObject\",\"inLanguage\":\"es\",\"@id\":\"https:\\\/\\\/fondmetal.com\\\/es\\\/nuestra-historia\\\/#primaryimage\",\"url\":\"https:\\\/\\\/fondmetal.com\\\/wp-content\\\/uploads\\\/2024\\\/02\\\/outside-then-1.jpg\",\"contentUrl\":\"https:\\\/\\\/fondmetal.com\\\/wp-content\\\/uploads\\\/2024\\\/02\\\/outside-then-1.jpg\"},{\"@type\":\"BreadcrumbList\",\"@id\":\"https:\\\/\\\/fondmetal.com\\\/es\\\/nuestra-historia\\\/#breadcrumb\",\"itemListElement\":[{\"@type\":\"ListItem\",\"position\":1,\"name\":\"Home\",\"item\":\"https:\\\/\\\/fondmetal.com\\\/es\\\/pagina-de-inicio\\\/\"},{\"@type\":\"ListItem\",\"position\":2,\"name\":\"Nuestra historia\"}]},{\"@type\":\"WebSite\",\"@id\":\"https:\\\/\\\/fondmetal.com\\\/es\\\/#website\",\"url\":\"https:\\\/\\\/fondmetal.com\\\/es\\\/\",\"name\":\"Fondmetal S.p.A.\",\"description\":\"Cerchi in lega Fondmetal. Qualit\u00e0 e innovazione da oltre 50 anni.\",\"publisher\":{\"@id\":\"https:\\\/\\\/fondmetal.com\\\/es\\\/#organization\"},\"potentialAction\":[{\"@type\":\"SearchAction\",\"target\":{\"@type\":\"EntryPoint\",\"urlTemplate\":\"https:\\\/\\\/fondmetal.com\\\/es\\\/?s={search_term_string}\"},\"query-input\":{\"@type\":\"PropertyValueSpecification\",\"valueRequired\":true,\"valueName\":\"search_term_string\"}}],\"inLanguage\":\"es\"},{\"@type\":\"Organization\",\"@id\":\"https:\\\/\\\/fondmetal.com\\\/es\\\/#organization\",\"name\":\"Fondmetal S.p.A.\",\"url\":\"https:\\\/\\\/fondmetal.com\\\/es\\\/\",\"logo\":{\"@type\":\"ImageObject\",\"inLanguage\":\"es\",\"@id\":\"https:\\\/\\\/fondmetal.com\\\/es\\\/#\\\/schema\\\/logo\\\/image\\\/\",\"url\":\"https:\\\/\\\/fondmetal.com\\\/wp-content\\\/uploads\\\/2024\\\/09\\\/logo-fm-white-c.webp\",\"contentUrl\":\"https:\\\/\\\/fondmetal.com\\\/wp-content\\\/uploads\\\/2024\\\/09\\\/logo-fm-white-c.webp\",\"width\":2332,\"height\":240,\"caption\":\"Fondmetal S.p.A.\"},\"image\":{\"@id\":\"https:\\\/\\\/fondmetal.com\\\/es\\\/#\\\/schema\\\/logo\\\/image\\\/\"},\"sameAs\":[\"https:\\\/\\\/www.facebook.com\\\/fondmetal\",\"https:\\\/\\\/www.instagram.com\\\/fondmetal\",\"https:\\\/\\\/www.youtube.com\\\/@fondmetalspa9019\",\"https:\\\/\\\/it.linkedin.com\\\/company\\\/fondmetal-spa\"]}]}<\/script>\n<!-- \/ Yoast SEO Premium plugin. -->","yoast_head_json":{"title":"Nuestra historia - Fondmetal","description":"Fondmetal, de las Llantas de aleaci\u00f3n a la ic\u00f3nica presencia de la F\u00f3rmula 1, una historia de innovaci\u00f3n, pasi\u00f3n y \u00e9xito en el automovilismo y los coches.","robots":{"index":"index","follow":"follow","max-snippet":"max-snippet:-1","max-image-preview":"max-image-preview:large","max-video-preview":"max-video-preview:-1"},"canonical":"https:\/\/fondmetal.com\/es\/nuestra-historia\/","og_locale":"es_ES","og_type":"article","og_title":"Nuestra historia","og_description":"Fondmetal, de las Llantas de aleaci\u00f3n a la ic\u00f3nica presencia de la F\u00f3rmula 1, una historia de innovaci\u00f3n, pasi\u00f3n y \u00e9xito en el automovilismo y los coches.","og_url":"https:\/\/fondmetal.com\/es\/nuestra-historia\/","og_site_name":"Fondmetal","article_publisher":"https:\/\/www.facebook.com\/fondmetal","article_modified_time":"2026-02-09T15:55:19+00:00","og_image":[{"url":"https:\/\/fondmetal.com\/wp-content\/uploads\/2024\/02\/outside-then-1.jpg","type":"","width":"","height":""}],"twitter_card":"summary_large_image","twitter_misc":{"Tiempo de lectura":"3 minutos"},"schema":{"@context":"https:\/\/schema.org","@graph":[{"@type":"WebPage","@id":"https:\/\/fondmetal.com\/es\/nuestra-historia\/","url":"https:\/\/fondmetal.com\/es\/nuestra-historia\/","name":"Nuestra historia - Fondmetal","isPartOf":{"@id":"https:\/\/fondmetal.com\/es\/#website"},"primaryImageOfPage":{"@id":"https:\/\/fondmetal.com\/es\/nuestra-historia\/#primaryimage"},"image":{"@id":"https:\/\/fondmetal.com\/es\/nuestra-historia\/#primaryimage"},"thumbnailUrl":"https:\/\/fondmetal.com\/wp-content\/uploads\/2024\/02\/outside-then-1.jpg","datePublished":"2023-10-30T10:58:10+00:00","dateModified":"2026-02-09T15:55:19+00:00","description":"Fondmetal, de las Llantas de aleaci\u00f3n a la ic\u00f3nica presencia de la F\u00f3rmula 1, una historia de innovaci\u00f3n, pasi\u00f3n y \u00e9xito en el automovilismo y los coches.","breadcrumb":{"@id":"https:\/\/fondmetal.com\/es\/nuestra-historia\/#breadcrumb"},"inLanguage":"es","potentialAction":[{"@type":"ReadAction","target":["https:\/\/fondmetal.com\/es\/nuestra-historia\/"]}]},{"@type":"ImageObject","inLanguage":"es","@id":"https:\/\/fondmetal.com\/es\/nuestra-historia\/#primaryimage","url":"https:\/\/fondmetal.com\/wp-content\/uploads\/2024\/02\/outside-then-1.jpg","contentUrl":"https:\/\/fondmetal.com\/wp-content\/uploads\/2024\/02\/outside-then-1.jpg"},{"@type":"BreadcrumbList","@id":"https:\/\/fondmetal.com\/es\/nuestra-historia\/#breadcrumb","itemListElement":[{"@type":"ListItem","position":1,"name":"Home","item":"https:\/\/fondmetal.com\/es\/pagina-de-inicio\/"},{"@type":"ListItem","position":2,"name":"Nuestra historia"}]},{"@type":"WebSite","@id":"https:\/\/fondmetal.com\/es\/#website","url":"https:\/\/fondmetal.com\/es\/","name":"Fondmetal S.p.A.","description":"Cerchi in lega Fondmetal. Qualit\u00e0 e innovazione da oltre 50 anni.","publisher":{"@id":"https:\/\/fondmetal.com\/es\/#organization"},"potentialAction":[{"@type":"SearchAction","target":{"@type":"EntryPoint","urlTemplate":"https:\/\/fondmetal.com\/es\/?s={search_term_string}"},"query-input":{"@type":"PropertyValueSpecification","valueRequired":true,"valueName":"search_term_string"}}],"inLanguage":"es"},{"@type":"Organization","@id":"https:\/\/fondmetal.com\/es\/#organization","name":"Fondmetal S.p.A.","url":"https:\/\/fondmetal.com\/es\/","logo":{"@type":"ImageObject","inLanguage":"es","@id":"https:\/\/fondmetal.com\/es\/#\/schema\/logo\/image\/","url":"https:\/\/fondmetal.com\/wp-content\/uploads\/2024\/09\/logo-fm-white-c.webp","contentUrl":"https:\/\/fondmetal.com\/wp-content\/uploads\/2024\/09\/logo-fm-white-c.webp","width":2332,"height":240,"caption":"Fondmetal S.p.A."},"image":{"@id":"https:\/\/fondmetal.com\/es\/#\/schema\/logo\/image\/"},"sameAs":["https:\/\/www.facebook.com\/fondmetal","https:\/\/www.instagram.com\/fondmetal","https:\/\/www.youtube.com\/@fondmetalspa9019","https:\/\/it.linkedin.com\/company\/fondmetal-spa"]}]}},"jetpack_shortlink":"https:\/\/wp.me\/PfespX-1CT","jetpack-related-posts":[{"id":6258,"url":"https:\/\/fondmetal.com\/es\/historia-de-fondmetal-f1\/","url_meta":{"origin":6255,"position":0},"title":"Fondmetal en la F\u00f3rmula 1","author":"Gianluca Manenti","date":"4 de marzo de 2024","format":false,"excerpt":"Fondmetal F1 tiene una historia fascinante que comienza en 1983. La empresa con sede en Palosco, en la provincia de B\u00e9rgamo, hizo su entrada en el mundo de las carreras con la presentaci\u00f3n de la primera rueda de magnesio de una sola pieza. Esta innovaci\u00f3n marc\u00f3 el inicio de un\u2026","rel":"","context":"Entrada similar","block_context":{"text":"Entrada similar","link":""},"img":{"alt_text":"","src":"","width":0,"height":0},"classes":[]},{"id":3611,"url":"https:\/\/fondmetal.com\/es\/","url_meta":{"origin":6255,"position":1},"title":"Fondmetal","author":"Gianluca Manenti","date":"23 de enero de 2024","format":false,"excerpt":"Sobre nosotros Fundada en 1972, Fondmetal es una referencia en la producci\u00f3n de Llantas de aleaci\u00f3n de alta calidad. Con sede en Palosco (BG), nuestra empresa se enorgullece de gestionar internamente todo el proceso de producci\u00f3n de Llantas de aleaci\u00f3n, garantizando as\u00ed el m\u00e1ximo control sobre la calidad y la\u2026","rel":"","context":"Entrada similar","block_context":{"text":"Entrada similar","link":""},"img":{"alt_text":"","src":"","width":0,"height":0},"classes":[]},{"id":9965,"url":"https:\/\/fondmetal.com\/es\/fondmetal-9rs\/","url_meta":{"origin":6255,"position":2},"title":"Fondmetal 9RS","author":"Gianluca Manenti","date":"19 de febrero de 2026","format":false,"excerpt":"Llantas forjadas para Porsche GT3RS: descubre las nuevas Fondmetal 9RS, nacidas con la misma tecnolog\u00eda derivada de nuestra experiencia en F\u00f3rmula 1. Esta no es una llanta de recambio cualquiera. Al contrario, es un dise\u00f1o desarrollado para cumplir y superar los requisitos de los fabricantes de equipos originales, con un\u2026","rel":"","context":"Entrada similar","block_context":{"text":"Entrada similar","link":""},"img":{"alt_text":"","src":"","width":0,"height":0},"classes":[]},{"id":6251,"url":"https:\/\/fondmetal.com\/es\/configurador-de-llantas-de-aleacion-3d\/","url_meta":{"origin":6255,"position":3},"title":"Configurador 3D de Llantas de aleaci\u00f3n","author":"Gianluca Manenti","date":"30 de octubre de 2023","format":false,"excerpt":"\u00bfPor qu\u00e9 elegir el configurador 3D? Personalizaci\u00f3n instant\u00e1nea: visualiza las llantas directamente en tu veh\u00edculo. Amplia compatibilidad: perfecto para coches deportivos, todoterrenos, coches peque\u00f1os y veh\u00edculos comerciales. Calidad Fondmetal: dise\u00f1o y rendimiento excelentes desde hace m\u00e1s de 50 a\u00f1os. Configurador 3D de Llantas de aleaci\u00f3n Fondmetal \u00bfQuieres ver c\u00f3mo combinan\u2026","rel":"","context":"Entrada similar","block_context":{"text":"Entrada similar","link":""},"img":{"alt_text":"","src":"","width":0,"height":0},"classes":[]},{"id":6254,"url":"https:\/\/fondmetal.com\/es\/todas-las-llantas-de-aleacion\/","url_meta":{"origin":6255,"position":4},"title":"Todas las llantas de aleaci\u00f3n","author":"Gianluca Manenti","date":"10 de junio de 2024","format":false,"excerpt":"Descubre la gama Fondmetal 2026. En 1972Fondmetal ha llevado la pasi\u00f3n por el automovilismo a la carretera. La nueva colecci\u00f3n 2026 es la expresi\u00f3n m\u00e1s avanzada de nuestro saber hacer: Llantas de aleaci\u00f3n dise\u00f1adas para mejorar las prestaciones y el dise\u00f1o de todo tipo de coches.","rel":"","context":"Entrada similar","block_context":{"text":"Entrada similar","link":""},"img":{"alt_text":"","src":"","width":0,"height":0},"classes":[]},{"id":6250,"url":"https:\/\/fondmetal.com\/es\/codigos-y-otros-documentos\/","url_meta":{"origin":6255,"position":5},"title":"C\u00f3digos y otros documentos","author":"Gianluca Manenti","date":"8 de marzo de 2024","format":false,"excerpt":"En esta secci\u00f3n encontrar\u00e1s documentos oficiales de Fondmetal, disponibles para su consulta y descarga. Hacemos nuestro Informe de Sostenibilidadel C\u00f3digo \u00c9ticolas pol\u00edticas y directrices de la empresa sobre denuncia de irregularidadesgarantizar la transparencia, la responsabilidad y el cumplimiento de la normativa. El acceso a estos recursos refleja nuestro compromiso con\u2026","rel":"","context":"Entrada similar","block_context":{"text":"Entrada similar","link":""},"img":{"alt_text":"","src":"","width":0,"height":0},"classes":[]}],"jetpack_sharing_enabled":true,"_links":{"self":[{"href":"https:\/\/fondmetal.com\/es\/wp-json\/wp\/v2\/pages\/6255","targetHints":{"allow":["GET"]}}],"collection":[{"href":"https:\/\/fondmetal.com\/es\/wp-json\/wp\/v2\/pages"}],"about":[{"href":"https:\/\/fondmetal.com\/es\/wp-json\/wp\/v2\/types\/page"}],"author":[{"embeddable":true,"href":"https:\/\/fondmetal.com\/es\/wp-json\/wp\/v2\/users\/241724721"}],"replies":[{"embeddable":true,"href":"https:\/\/fondmetal.com\/es\/wp-json\/wp\/v2\/comments?post=6255"}],"version-history":[{"count":1,"href":"https:\/\/fondmetal.com\/es\/wp-json\/wp\/v2\/pages\/6255\/revisions"}],"predecessor-version":[{"id":6256,"href":"https:\/\/fondmetal.com\/es\/wp-json\/wp\/v2\/pages\/6255\/revisions\/6256"}],"wp:attachment":[{"href":"https:\/\/fondmetal.com\/es\/wp-json\/wp\/v2\/media?parent=6255"}],"curies":[{"name":"wp","href":"https:\/\/api.w.org\/{rel}","templated":true}]}}