{"id":6249,"date":"2024-03-05T16:32:08","date_gmt":"2024-03-05T15:32:08","guid":{"rendered":"https:\/\/fondmetal.com\/certificaciones\/"},"modified":"2026-02-09T16:54:26","modified_gmt":"2026-02-09T15:54:26","slug":"certificaciones","status":"publish","type":"page","link":"https:\/\/fondmetal.com\/es\/certificaciones\/","title":{"rendered":"Certificaciones"},"content":{"rendered":"<div class=\"col-12 col-md-6\">\n<p>Consulta y descarga los documentos relacionados con las certificaciones.<\/p>\n<p>Los est\u00e1ndares de calidad y tecnolog\u00eda de<strong>Fondmetal S.p.A<\/strong>. garantizan el pleno cumplimiento de las especificaciones internacionales de automoci\u00f3n y la producci\u00f3n de ruedas con l\u00edneas y formas \u00fanicas.<\/p>\n<p><strong>Fondmetal S.p.A.<\/strong> cumple escrupulosamente las normas internacionales para obtener y mantener a lo largo de los a\u00f1os las certificaciones que se enumeran a continuaci\u00f3n.<\/p>\n<\/div>\n","protected":false},"excerpt":{"rendered":"<p>Consulta y descarga los documentos relacionados con las certificaciones. Los est\u00e1ndares de calidad y tecnolog\u00eda deFondmetal S.p.A. garantizan el pleno cumplimiento de las especificaciones internacionales de automoci\u00f3n y la producci\u00f3n de ruedas con l\u00edneas y formas \u00fanicas. Fondmetal S.p.A. cumple escrupulosamente las normas internacionales para obtener y mantener a lo largo de los a\u00f1os las [&hellip;]<\/p>\n","protected":false},"author":241724721,"featured_media":0,"parent":0,"menu_order":0,"comment_status":"closed","ping_status":"closed","template":"page-templates\/page-certificazioni.php","meta":{"_acf_changed":false,"jetpack_post_was_ever_published":false,"footnotes":""},"class_list":["post-6249","page","type-page","status-publish","hentry"],"acf":[],"yoast_head":"<!-- This site is optimized with the Yoast SEO Premium plugin v27.2 (Yoast SEO v27.3) - https:\/\/yoast.com\/product\/yoast-seo-premium-wordpress\/ -->\n<title>Certificaciones - Fondmetal<\/title>\n<meta name=\"robots\" content=\"index, follow, max-snippet:-1, max-image-preview:large, max-video-preview:-1\" \/>\n<link rel=\"canonical\" href=\"https:\/\/fondmetal.com\/es\/certificaciones\/\" \/>\n<meta property=\"og:locale\" content=\"es_ES\" \/>\n<meta property=\"og:type\" content=\"article\" \/>\n<meta property=\"og:title\" content=\"Certificaciones\" \/>\n<meta property=\"og:description\" content=\"Consulta y descarga los documentos relacionados con las certificaciones. Los est\u00e1ndares de calidad y tecnolog\u00eda deFondmetal S.p.A. garantizan el pleno cumplimiento de las especificaciones internacionales de automoci\u00f3n y la producci\u00f3n de ruedas con l\u00edneas y formas \u00fanicas. Fondmetal S.p.A. cumple escrupulosamente las normas internacionales para obtener y mantener a lo largo de los a\u00f1os las [&hellip;]\" \/>\n<meta property=\"og:url\" content=\"https:\/\/fondmetal.com\/es\/certificaciones\/\" \/>\n<meta property=\"og:site_name\" content=\"Fondmetal\" \/>\n<meta property=\"article:publisher\" content=\"https:\/\/www.facebook.com\/fondmetal\" \/>\n<meta property=\"article:modified_time\" content=\"2026-02-09T15:54:26+00:00\" \/>\n<meta name=\"twitter:card\" content=\"summary_large_image\" \/>\n<script type=\"application\/ld+json\" class=\"yoast-schema-graph\">{\"@context\":\"https:\\\/\\\/schema.org\",\"@graph\":[{\"@type\":\"WebPage\",\"@id\":\"https:\\\/\\\/fondmetal.com\\\/es\\\/certificaciones\\\/\",\"url\":\"https:\\\/\\\/fondmetal.com\\\/es\\\/certificaciones\\\/\",\"name\":\"Certificaciones - Fondmetal\",\"isPartOf\":{\"@id\":\"https:\\\/\\\/fondmetal.com\\\/es\\\/#website\"},\"datePublished\":\"2024-03-05T15:32:08+00:00\",\"dateModified\":\"2026-02-09T15:54:26+00:00\",\"breadcrumb\":{\"@id\":\"https:\\\/\\\/fondmetal.com\\\/es\\\/certificaciones\\\/#breadcrumb\"},\"inLanguage\":\"es\",\"potentialAction\":[{\"@type\":\"ReadAction\",\"target\":[\"https:\\\/\\\/fondmetal.com\\\/es\\\/certificaciones\\\/\"]}]},{\"@type\":\"BreadcrumbList\",\"@id\":\"https:\\\/\\\/fondmetal.com\\\/es\\\/certificaciones\\\/#breadcrumb\",\"itemListElement\":[{\"@type\":\"ListItem\",\"position\":1,\"name\":\"Home\",\"item\":\"https:\\\/\\\/fondmetal.com\\\/es\\\/pagina-de-inicio\\\/\"},{\"@type\":\"ListItem\",\"position\":2,\"name\":\"Certificaciones\"}]},{\"@type\":\"WebSite\",\"@id\":\"https:\\\/\\\/fondmetal.com\\\/es\\\/#website\",\"url\":\"https:\\\/\\\/fondmetal.com\\\/es\\\/\",\"name\":\"Fondmetal S.p.A.\",\"description\":\"Cerchi in lega Fondmetal. Qualit\u00e0 e innovazione da oltre 50 anni.\",\"publisher\":{\"@id\":\"https:\\\/\\\/fondmetal.com\\\/es\\\/#organization\"},\"potentialAction\":[{\"@type\":\"SearchAction\",\"target\":{\"@type\":\"EntryPoint\",\"urlTemplate\":\"https:\\\/\\\/fondmetal.com\\\/es\\\/?s={search_term_string}\"},\"query-input\":{\"@type\":\"PropertyValueSpecification\",\"valueRequired\":true,\"valueName\":\"search_term_string\"}}],\"inLanguage\":\"es\"},{\"@type\":\"Organization\",\"@id\":\"https:\\\/\\\/fondmetal.com\\\/es\\\/#organization\",\"name\":\"Fondmetal S.p.A.\",\"url\":\"https:\\\/\\\/fondmetal.com\\\/es\\\/\",\"logo\":{\"@type\":\"ImageObject\",\"inLanguage\":\"es\",\"@id\":\"https:\\\/\\\/fondmetal.com\\\/es\\\/#\\\/schema\\\/logo\\\/image\\\/\",\"url\":\"https:\\\/\\\/fondmetal.com\\\/wp-content\\\/uploads\\\/2024\\\/09\\\/logo-fm-white-c.webp\",\"contentUrl\":\"https:\\\/\\\/fondmetal.com\\\/wp-content\\\/uploads\\\/2024\\\/09\\\/logo-fm-white-c.webp\",\"width\":2332,\"height\":240,\"caption\":\"Fondmetal S.p.A.\"},\"image\":{\"@id\":\"https:\\\/\\\/fondmetal.com\\\/es\\\/#\\\/schema\\\/logo\\\/image\\\/\"},\"sameAs\":[\"https:\\\/\\\/www.facebook.com\\\/fondmetal\",\"https:\\\/\\\/www.instagram.com\\\/fondmetal\",\"https:\\\/\\\/www.youtube.com\\\/@fondmetalspa9019\",\"https:\\\/\\\/it.linkedin.com\\\/company\\\/fondmetal-spa\"]}]}<\/script>\n<!-- \/ Yoast SEO Premium plugin. -->","yoast_head_json":{"title":"Certificaciones - Fondmetal","robots":{"index":"index","follow":"follow","max-snippet":"max-snippet:-1","max-image-preview":"max-image-preview:large","max-video-preview":"max-video-preview:-1"},"canonical":"https:\/\/fondmetal.com\/es\/certificaciones\/","og_locale":"es_ES","og_type":"article","og_title":"Certificaciones","og_description":"Consulta y descarga los documentos relacionados con las certificaciones. Los est\u00e1ndares de calidad y tecnolog\u00eda deFondmetal S.p.A. garantizan el pleno cumplimiento de las especificaciones internacionales de automoci\u00f3n y la producci\u00f3n de ruedas con l\u00edneas y formas \u00fanicas. Fondmetal S.p.A. cumple escrupulosamente las normas internacionales para obtener y mantener a lo largo de los a\u00f1os las [&hellip;]","og_url":"https:\/\/fondmetal.com\/es\/certificaciones\/","og_site_name":"Fondmetal","article_publisher":"https:\/\/www.facebook.com\/fondmetal","article_modified_time":"2026-02-09T15:54:26+00:00","twitter_card":"summary_large_image","schema":{"@context":"https:\/\/schema.org","@graph":[{"@type":"WebPage","@id":"https:\/\/fondmetal.com\/es\/certificaciones\/","url":"https:\/\/fondmetal.com\/es\/certificaciones\/","name":"Certificaciones - Fondmetal","isPartOf":{"@id":"https:\/\/fondmetal.com\/es\/#website"},"datePublished":"2024-03-05T15:32:08+00:00","dateModified":"2026-02-09T15:54:26+00:00","breadcrumb":{"@id":"https:\/\/fondmetal.com\/es\/certificaciones\/#breadcrumb"},"inLanguage":"es","potentialAction":[{"@type":"ReadAction","target":["https:\/\/fondmetal.com\/es\/certificaciones\/"]}]},{"@type":"BreadcrumbList","@id":"https:\/\/fondmetal.com\/es\/certificaciones\/#breadcrumb","itemListElement":[{"@type":"ListItem","position":1,"name":"Home","item":"https:\/\/fondmetal.com\/es\/pagina-de-inicio\/"},{"@type":"ListItem","position":2,"name":"Certificaciones"}]},{"@type":"WebSite","@id":"https:\/\/fondmetal.com\/es\/#website","url":"https:\/\/fondmetal.com\/es\/","name":"Fondmetal S.p.A.","description":"Cerchi in lega Fondmetal. Qualit\u00e0 e innovazione da oltre 50 anni.","publisher":{"@id":"https:\/\/fondmetal.com\/es\/#organization"},"potentialAction":[{"@type":"SearchAction","target":{"@type":"EntryPoint","urlTemplate":"https:\/\/fondmetal.com\/es\/?s={search_term_string}"},"query-input":{"@type":"PropertyValueSpecification","valueRequired":true,"valueName":"search_term_string"}}],"inLanguage":"es"},{"@type":"Organization","@id":"https:\/\/fondmetal.com\/es\/#organization","name":"Fondmetal S.p.A.","url":"https:\/\/fondmetal.com\/es\/","logo":{"@type":"ImageObject","inLanguage":"es","@id":"https:\/\/fondmetal.com\/es\/#\/schema\/logo\/image\/","url":"https:\/\/fondmetal.com\/wp-content\/uploads\/2024\/09\/logo-fm-white-c.webp","contentUrl":"https:\/\/fondmetal.com\/wp-content\/uploads\/2024\/09\/logo-fm-white-c.webp","width":2332,"height":240,"caption":"Fondmetal S.p.A."},"image":{"@id":"https:\/\/fondmetal.com\/es\/#\/schema\/logo\/image\/"},"sameAs":["https:\/\/www.facebook.com\/fondmetal","https:\/\/www.instagram.com\/fondmetal","https:\/\/www.youtube.com\/@fondmetalspa9019","https:\/\/it.linkedin.com\/company\/fondmetal-spa"]}]}},"jetpack_shortlink":"https:\/\/wp.me\/PfespX-1CN","jetpack-related-posts":[{"id":6255,"url":"https:\/\/fondmetal.com\/es\/nuestra-historia\/","url_meta":{"origin":6249,"position":0},"title":"Nuestra historia","author":"Gianluca Manenti","date":"30 de octubre de 2023","format":false,"excerpt":"1. Or\u00edgenes La historia de FONDMETAL comenz\u00f3 en Palosco, una peque\u00f1a ciudad entre B\u00e9rgamo y Brescia, el 21 de junio de 1972. La empresa se fund\u00f3 como fundici\u00f3n de aluminio para terceros, continuando una tradici\u00f3n familiar: de hecho, ya en 1908, el bisabuelo de Stefano y Alessandra Rumi, actuales propietarios\u2026","rel":"","context":"Entrada similar","block_context":{"text":"Entrada similar","link":""},"img":{"alt_text":"","src":"","width":0,"height":0},"classes":[]},{"id":8420,"url":"https:\/\/fondmetal.com\/es\/fondmetal-hoy\/","url_meta":{"origin":6249,"position":1},"title":"Fondmetal hoy","author":"Gianluca Manenti","date":"16 de diciembre de 2025","format":false,"excerpt":"Fondmetal fabrica Llantas de aleaci\u00f3n mediante un proceso de producci\u00f3n altamente automatizado, desarrollado para garantizar precisi\u00f3n, fiabilidad y calidad constante. Cada paso, desde la selecci\u00f3n de las materias primas hasta los controles finales, est\u00e1 dise\u00f1ado para garantizar un alto rendimiento, seguridad y cumplimiento de las normas internacionales.","rel":"","context":"Entrada similar","block_context":{"text":"Entrada similar","link":""},"img":{"alt_text":"","src":"","width":0,"height":0},"classes":[]},{"id":9965,"url":"https:\/\/fondmetal.com\/es\/fondmetal-9rs\/","url_meta":{"origin":6249,"position":2},"title":"Fondmetal 9RS","author":"Gianluca Manenti","date":"19 de febrero de 2026","format":false,"excerpt":"Llantas forjadas para Porsche GT3RS: descubre las nuevas Fondmetal 9RS, nacidas con la misma tecnolog\u00eda derivada de nuestra experiencia en F\u00f3rmula 1. Esta no es una llanta de recambio cualquiera. Al contrario, es un dise\u00f1o desarrollado para cumplir y superar los requisitos de los fabricantes de equipos originales, con un\u2026","rel":"","context":"Entrada similar","block_context":{"text":"Entrada similar","link":""},"img":{"alt_text":"","src":"","width":0,"height":0},"classes":[]},{"id":6258,"url":"https:\/\/fondmetal.com\/es\/historia-de-fondmetal-f1\/","url_meta":{"origin":6249,"position":3},"title":"Fondmetal en la F\u00f3rmula 1","author":"Gianluca Manenti","date":"4 de marzo de 2024","format":false,"excerpt":"Fondmetal F1 tiene una historia fascinante que comienza en 1983. La empresa con sede en Palosco, en la provincia de B\u00e9rgamo, hizo su entrada en el mundo de las carreras con la presentaci\u00f3n de la primera rueda de magnesio de una sola pieza. Esta innovaci\u00f3n marc\u00f3 el inicio de un\u2026","rel":"","context":"Entrada similar","block_context":{"text":"Entrada similar","link":""},"img":{"alt_text":"","src":"","width":0,"height":0},"classes":[]},{"id":8423,"url":"https:\/\/fondmetal.com\/es\/tecnologias-fondmetal\/","url_meta":{"origin":6249,"position":4},"title":"Fondmetal Technologies","author":"Gianluca Manenti","date":"16 de diciembre de 2025","format":false,"excerpt":"Desarrollo aerodin\u00e1mico de coches de carreras y soluciones avanzadas de ingenier\u00eda aerodin\u00e1mica. Desde la F\u00f3rmula 1 hasta los estudios para aplicaciones automovil\u00edsticas y deportivas de alto nivel, la tecnolog\u00eda FondTech ha escrito p\u00e1ginas importantes en la historia de las carreras.","rel":"","context":"Entrada similar","block_context":{"text":"Entrada similar","link":""},"img":{"alt_text":"","src":"","width":0,"height":0},"classes":[]},{"id":6250,"url":"https:\/\/fondmetal.com\/es\/codigos-y-otros-documentos\/","url_meta":{"origin":6249,"position":5},"title":"C\u00f3digos y otros documentos","author":"Gianluca Manenti","date":"8 de marzo de 2024","format":false,"excerpt":"En esta secci\u00f3n encontrar\u00e1s documentos oficiales de Fondmetal, disponibles para su consulta y descarga. Hacemos nuestro Informe de Sostenibilidadel C\u00f3digo \u00c9ticolas pol\u00edticas y directrices de la empresa sobre denuncia de irregularidadesgarantizar la transparencia, la responsabilidad y el cumplimiento de la normativa. El acceso a estos recursos refleja nuestro compromiso con\u2026","rel":"","context":"Entrada similar","block_context":{"text":"Entrada similar","link":""},"img":{"alt_text":"","src":"","width":0,"height":0},"classes":[]}],"jetpack_sharing_enabled":true,"_links":{"self":[{"href":"https:\/\/fondmetal.com\/es\/wp-json\/wp\/v2\/pages\/6249","targetHints":{"allow":["GET"]}}],"collection":[{"href":"https:\/\/fondmetal.com\/es\/wp-json\/wp\/v2\/pages"}],"about":[{"href":"https:\/\/fondmetal.com\/es\/wp-json\/wp\/v2\/types\/page"}],"author":[{"embeddable":true,"href":"https:\/\/fondmetal.com\/es\/wp-json\/wp\/v2\/users\/241724721"}],"replies":[{"embeddable":true,"href":"https:\/\/fondmetal.com\/es\/wp-json\/wp\/v2\/comments?post=6249"}],"version-history":[{"count":2,"href":"https:\/\/fondmetal.com\/es\/wp-json\/wp\/v2\/pages\/6249\/revisions"}],"predecessor-version":[{"id":8626,"href":"https:\/\/fondmetal.com\/es\/wp-json\/wp\/v2\/pages\/6249\/revisions\/8626"}],"wp:attachment":[{"href":"https:\/\/fondmetal.com\/es\/wp-json\/wp\/v2\/media?parent=6249"}],"curies":[{"name":"wp","href":"https:\/\/api.w.org\/{rel}","templated":true}]}}