{"id":3740,"date":"2023-10-30T11:57:47","date_gmt":"2023-10-30T10:57:47","guid":{"rendered":"https:\/\/fondmetal.com\/contact\/"},"modified":"2026-04-28T16:04:37","modified_gmt":"2026-04-28T14:04:37","slug":"contact","status":"publish","type":"page","link":"https:\/\/fondmetal.com\/en\/contact\/","title":{"rendered":"Contact us"},"content":{"rendered":"","protected":false},"excerpt":{"rendered":"","protected":false},"author":241724721,"featured_media":0,"parent":0,"menu_order":0,"comment_status":"closed","ping_status":"closed","template":"page-templates\/page-contatti.php","meta":{"_acf_changed":false,"footnotes":""},"class_list":["post-3740","page","type-page","status-publish","hentry"],"acf":[],"yoast_head":"<!-- This site is optimized with the Yoast SEO Premium plugin v27.5 (Yoast SEO v27.5) - https:\/\/yoast.com\/product\/yoast-seo-premium-wordpress\/ -->\n<title>Contact Us - Fondmetal | Quality Alloy wheels<\/title>\n<meta name=\"description\" content=\"Contact us for information and assistance on our high-quality alloy wheels. We are here to help you with any questions.\" \/>\n<meta name=\"robots\" content=\"index, follow, max-snippet:-1, max-image-preview:large, max-video-preview:-1\" \/>\n<link rel=\"canonical\" href=\"https:\/\/fondmetal.com\/en\/contact\/\" \/>\n<meta property=\"og:locale\" content=\"en_US\" \/>\n<meta property=\"og:type\" content=\"article\" \/>\n<meta property=\"og:title\" content=\"Contact us\" \/>\n<meta property=\"og:description\" content=\"Contact us for information and assistance on our high-quality alloy wheels. We are here to help you with any questions.\" \/>\n<meta property=\"og:url\" content=\"https:\/\/fondmetal.com\/en\/contact\/\" \/>\n<meta property=\"og:site_name\" content=\"Fondmetal\" \/>\n<meta property=\"article:publisher\" content=\"https:\/\/www.facebook.com\/fondmetal\" \/>\n<meta property=\"article:modified_time\" content=\"2026-04-28T14:04:37+00:00\" \/>\n<meta name=\"twitter:card\" content=\"summary_large_image\" \/>\n<meta name=\"twitter:label1\" content=\"Est. reading time\" \/>\n\t<meta name=\"twitter:data1\" content=\"5 minutes\" \/>\n<script type=\"application\/ld+json\" class=\"yoast-schema-graph\">{\"@context\":\"https:\\\/\\\/schema.org\",\"@graph\":[{\"@type\":\"WebPage\",\"@id\":\"https:\\\/\\\/fondmetal.com\\\/en\\\/contact\\\/\",\"url\":\"https:\\\/\\\/fondmetal.com\\\/en\\\/contact\\\/\",\"name\":\"Contact Us - Fondmetal | Quality Alloy wheels\",\"isPartOf\":{\"@id\":\"https:\\\/\\\/fondmetal.com\\\/en\\\/#website\"},\"datePublished\":\"2023-10-30T10:57:47+00:00\",\"dateModified\":\"2026-04-28T14:04:37+00:00\",\"description\":\"Contact us for information and assistance on our high-quality alloy wheels. We are here to help you with any questions.\",\"breadcrumb\":{\"@id\":\"https:\\\/\\\/fondmetal.com\\\/en\\\/contact\\\/#breadcrumb\"},\"inLanguage\":\"en-US\",\"potentialAction\":[{\"@type\":\"ReadAction\",\"target\":[\"https:\\\/\\\/fondmetal.com\\\/en\\\/contact\\\/\"]}]},{\"@type\":\"BreadcrumbList\",\"@id\":\"https:\\\/\\\/fondmetal.com\\\/en\\\/contact\\\/#breadcrumb\",\"itemListElement\":[{\"@type\":\"ListItem\",\"position\":1,\"name\":\"Home\",\"item\":\"https:\\\/\\\/fondmetal.com\\\/en\\\/homepage\\\/\"},{\"@type\":\"ListItem\",\"position\":2,\"name\":\"Contact us\"}]},{\"@type\":\"WebSite\",\"@id\":\"https:\\\/\\\/fondmetal.com\\\/en\\\/#website\",\"url\":\"https:\\\/\\\/fondmetal.com\\\/en\\\/\",\"name\":\"Fondmetal S.p.A.\",\"description\":\"Cerchi in lega Fondmetal. Qualit\u00e0 e innovazione da oltre 50 anni.\",\"publisher\":{\"@id\":\"https:\\\/\\\/fondmetal.com\\\/en\\\/#organization\"},\"potentialAction\":[{\"@type\":\"SearchAction\",\"target\":{\"@type\":\"EntryPoint\",\"urlTemplate\":\"https:\\\/\\\/fondmetal.com\\\/en\\\/?s={search_term_string}\"},\"query-input\":{\"@type\":\"PropertyValueSpecification\",\"valueRequired\":true,\"valueName\":\"search_term_string\"}}],\"inLanguage\":\"en-US\"},{\"@type\":\"Organization\",\"@id\":\"https:\\\/\\\/fondmetal.com\\\/en\\\/#organization\",\"name\":\"Fondmetal S.p.A.\",\"url\":\"https:\\\/\\\/fondmetal.com\\\/en\\\/\",\"logo\":{\"@type\":\"ImageObject\",\"inLanguage\":\"en-US\",\"@id\":\"https:\\\/\\\/fondmetal.com\\\/en\\\/#\\\/schema\\\/logo\\\/image\\\/\",\"url\":\"https:\\\/\\\/fondmetal.com\\\/wp-content\\\/uploads\\\/2024\\\/09\\\/logo-fm-white-c.webp\",\"contentUrl\":\"https:\\\/\\\/fondmetal.com\\\/wp-content\\\/uploads\\\/2024\\\/09\\\/logo-fm-white-c.webp\",\"width\":2332,\"height\":240,\"caption\":\"Fondmetal S.p.A.\"},\"image\":{\"@id\":\"https:\\\/\\\/fondmetal.com\\\/en\\\/#\\\/schema\\\/logo\\\/image\\\/\"},\"sameAs\":[\"https:\\\/\\\/www.facebook.com\\\/fondmetal\",\"https:\\\/\\\/www.instagram.com\\\/fondmetal\",\"https:\\\/\\\/www.youtube.com\\\/@fondmetalspa9019\",\"https:\\\/\\\/it.linkedin.com\\\/company\\\/fondmetal-spa\"]}]}<\/script>\n<!-- \/ Yoast SEO Premium plugin. -->","yoast_head_json":{"title":"Contact Us - Fondmetal | Quality Alloy wheels","description":"Contact us for information and assistance on our high-quality alloy wheels. We are here to help you with any questions.","robots":{"index":"index","follow":"follow","max-snippet":"max-snippet:-1","max-image-preview":"max-image-preview:large","max-video-preview":"max-video-preview:-1"},"canonical":"https:\/\/fondmetal.com\/en\/contact\/","og_locale":"en_US","og_type":"article","og_title":"Contact us","og_description":"Contact us for information and assistance on our high-quality alloy wheels. We are here to help you with any questions.","og_url":"https:\/\/fondmetal.com\/en\/contact\/","og_site_name":"Fondmetal","article_publisher":"https:\/\/www.facebook.com\/fondmetal","article_modified_time":"2026-04-28T14:04:37+00:00","twitter_card":"summary_large_image","twitter_misc":{"Est. reading time":"5 minutes"},"schema":{"@context":"https:\/\/schema.org","@graph":[{"@type":"WebPage","@id":"https:\/\/fondmetal.com\/en\/contact\/","url":"https:\/\/fondmetal.com\/en\/contact\/","name":"Contact Us - Fondmetal | Quality Alloy wheels","isPartOf":{"@id":"https:\/\/fondmetal.com\/en\/#website"},"datePublished":"2023-10-30T10:57:47+00:00","dateModified":"2026-04-28T14:04:37+00:00","description":"Contact us for information and assistance on our high-quality alloy wheels. We are here to help you with any questions.","breadcrumb":{"@id":"https:\/\/fondmetal.com\/en\/contact\/#breadcrumb"},"inLanguage":"en-US","potentialAction":[{"@type":"ReadAction","target":["https:\/\/fondmetal.com\/en\/contact\/"]}]},{"@type":"BreadcrumbList","@id":"https:\/\/fondmetal.com\/en\/contact\/#breadcrumb","itemListElement":[{"@type":"ListItem","position":1,"name":"Home","item":"https:\/\/fondmetal.com\/en\/homepage\/"},{"@type":"ListItem","position":2,"name":"Contact us"}]},{"@type":"WebSite","@id":"https:\/\/fondmetal.com\/en\/#website","url":"https:\/\/fondmetal.com\/en\/","name":"Fondmetal S.p.A.","description":"Cerchi in lega Fondmetal. Qualit\u00e0 e innovazione da oltre 50 anni.","publisher":{"@id":"https:\/\/fondmetal.com\/en\/#organization"},"potentialAction":[{"@type":"SearchAction","target":{"@type":"EntryPoint","urlTemplate":"https:\/\/fondmetal.com\/en\/?s={search_term_string}"},"query-input":{"@type":"PropertyValueSpecification","valueRequired":true,"valueName":"search_term_string"}}],"inLanguage":"en-US"},{"@type":"Organization","@id":"https:\/\/fondmetal.com\/en\/#organization","name":"Fondmetal S.p.A.","url":"https:\/\/fondmetal.com\/en\/","logo":{"@type":"ImageObject","inLanguage":"en-US","@id":"https:\/\/fondmetal.com\/en\/#\/schema\/logo\/image\/","url":"https:\/\/fondmetal.com\/wp-content\/uploads\/2024\/09\/logo-fm-white-c.webp","contentUrl":"https:\/\/fondmetal.com\/wp-content\/uploads\/2024\/09\/logo-fm-white-c.webp","width":2332,"height":240,"caption":"Fondmetal S.p.A."},"image":{"@id":"https:\/\/fondmetal.com\/en\/#\/schema\/logo\/image\/"},"sameAs":["https:\/\/www.facebook.com\/fondmetal","https:\/\/www.instagram.com\/fondmetal","https:\/\/www.youtube.com\/@fondmetalspa9019","https:\/\/it.linkedin.com\/company\/fondmetal-spa"]}]}},"jetpack_shortlink":"https:\/\/wp.me\/PfespX-Yk","jetpack-related-posts":[{"id":6252,"url":"https:\/\/fondmetal.com\/es\/contacta-con-nosotros\/","url_meta":{"origin":3740,"position":0},"title":"Contacta con nosotros","author":"Gianluca Manenti","date":"30\/10\/2023","format":false,"excerpt":"","rel":"","context":"Similar post","block_context":{"text":"Similar post","link":""},"img":{"alt_text":"","src":"","width":0,"height":0},"classes":[]},{"id":6566,"url":"https:\/\/fondmetal.com\/nl\/neem-contact-met-ons-op\/","url_meta":{"origin":3740,"position":1},"title":"Neem contact met ons op","author":"Gianluca Manenti","date":"30\/10\/2023","format":false,"excerpt":"","rel":"","context":"Similar post","block_context":{"text":"Similar post","link":""},"img":{"alt_text":"","src":"","width":0,"height":0},"classes":[]},{"id":6272,"url":"https:\/\/fondmetal.com\/es\/lista-de-revendedores-y-distribuidores\/","url_meta":{"origin":3740,"position":2},"title":"Lista de revendedores y distribuidores","author":"Gianluca Manenti","date":"30\/10\/2023","format":false,"excerpt":"\u00bfBuscas un concesionario o distribuidor de nuestras exclusivas Llantas de aleaci\u00f3n Fondmetal? \u00a1Est\u00e1s en el lugar adecuado! Utiliza nuestra lista de concesionarios y distribuidores para encontrar f\u00e1cilmente tu punto de venta m\u00e1s cercano. Seleccione su distribuidor preferido y p\u00f3ngase en contacto con \u00e9l a trav\u00e9s de los botones de contacto,\u2026","rel":"","context":"Similar post","block_context":{"text":"Similar post","link":""},"img":{"alt_text":"","src":"","width":0,"height":0},"classes":[]},{"id":8370,"url":"https:\/\/fondmetal.com\/de\/datenerfassung-fuer-b2b\/","url_meta":{"origin":3740,"position":3},"title":"Datenerfassung f\u00fcr B2B","author":"Gianluca Manenti","date":"24\/04\/2025","format":false,"excerpt":"","rel":"","context":"Similar post","block_context":{"text":"Similar post","link":""},"img":{"alt_text":"","src":"","width":0,"height":0},"classes":[]},{"id":8412,"url":"https:\/\/fondmetal.com\/nl\/gegevensverzameling-voor-b2b\/","url_meta":{"origin":3740,"position":4},"title":"Gegevensverzameling voor B2B","author":"Gianluca Manenti","date":"24\/04\/2025","format":false,"excerpt":"","rel":"","context":"Similar post","block_context":{"text":"Similar post","link":""},"img":{"alt_text":"","src":"","width":0,"height":0},"classes":[]},{"id":7064,"url":"https:\/\/fondmetal.com\/compilazione-dati-per-b2b\/","url_meta":{"origin":3740,"position":5},"title":"Compilazione dati per B2B","author":"Gianluca Manenti","date":"24\/04\/2025","format":false,"excerpt":"","rel":"","context":"Similar post","block_context":{"text":"Similar post","link":""},"img":{"alt_text":"","src":"","width":0,"height":0},"classes":[]}],"jetpack_sharing_enabled":true,"_links":{"self":[{"href":"https:\/\/fondmetal.com\/en\/wp-json\/wp\/v2\/pages\/3740","targetHints":{"allow":["GET"]}}],"collection":[{"href":"https:\/\/fondmetal.com\/en\/wp-json\/wp\/v2\/pages"}],"about":[{"href":"https:\/\/fondmetal.com\/en\/wp-json\/wp\/v2\/types\/page"}],"author":[{"embeddable":true,"href":"https:\/\/fondmetal.com\/en\/wp-json\/wp\/v2\/users\/241724721"}],"replies":[{"embeddable":true,"href":"https:\/\/fondmetal.com\/en\/wp-json\/wp\/v2\/comments?post=3740"}],"version-history":[{"count":14,"href":"https:\/\/fondmetal.com\/en\/wp-json\/wp\/v2\/pages\/3740\/revisions"}],"predecessor-version":[{"id":9898,"href":"https:\/\/fondmetal.com\/en\/wp-json\/wp\/v2\/pages\/3740\/revisions\/9898"}],"wp:attachment":[{"href":"https:\/\/fondmetal.com\/en\/wp-json\/wp\/v2\/media?parent=3740"}],"curies":[{"name":"wp","href":"https:\/\/api.w.org\/{rel}","templated":true}]}}