{"id":4877,"date":"2023-10-30T11:57:47","date_gmt":"2023-10-30T10:57:47","guid":{"rendered":"https:\/\/fondmetal.com\/kontakt\/"},"modified":"2026-04-28T16:04:34","modified_gmt":"2026-04-28T14:04:34","slug":"kontakt","status":"publish","type":"page","link":"https:\/\/fondmetal.com\/de\/kontakt\/","title":{"rendered":"Kontakt"},"content":{"rendered":"","protected":false},"excerpt":{"rendered":"","protected":false},"author":241724721,"featured_media":0,"parent":0,"menu_order":0,"comment_status":"closed","ping_status":"closed","template":"page-templates\/page-contatti.php","meta":{"_acf_changed":false,"footnotes":""},"class_list":["post-4877","page","type-page","status-publish","hentry"],"acf":[],"yoast_head":"<!-- This site is optimized with the Yoast SEO Premium plugin v27.5 (Yoast SEO v27.5) - https:\/\/yoast.com\/product\/yoast-seo-premium-wordpress\/ -->\n<title>Kontaktieren Sie uns - Fondmetal | Qualit\u00e4ts-Alufelgen<\/title>\n<meta name=\"description\" content=\"Kontaktieren Sie uns f\u00fcr Informationen und Unterst\u00fctzung zu unseren hochwertigen Leichtmetallr\u00e4dern. Wir sind f\u00fcr Sie da, um Ihnen bei allen Fragen zu helfen.\" \/>\n<meta name=\"robots\" content=\"index, follow, max-snippet:-1, max-image-preview:large, max-video-preview:-1\" \/>\n<link rel=\"canonical\" href=\"https:\/\/fondmetal.com\/de\/kontakt\/\" \/>\n<meta property=\"og:locale\" content=\"de_DE\" \/>\n<meta property=\"og:type\" content=\"article\" \/>\n<meta property=\"og:title\" content=\"Kontakt\" \/>\n<meta property=\"og:description\" content=\"Kontaktieren Sie uns f\u00fcr Informationen und Unterst\u00fctzung zu unseren hochwertigen Leichtmetallr\u00e4dern. Wir sind f\u00fcr Sie da, um Ihnen bei allen Fragen zu helfen.\" \/>\n<meta property=\"og:url\" content=\"https:\/\/fondmetal.com\/de\/kontakt\/\" \/>\n<meta property=\"og:site_name\" content=\"Fondmetal\" \/>\n<meta property=\"article:publisher\" content=\"https:\/\/www.facebook.com\/fondmetal\" \/>\n<meta property=\"article:modified_time\" content=\"2026-04-28T14:04:34+00:00\" \/>\n<meta name=\"twitter:card\" content=\"summary_large_image\" \/>\n<meta name=\"twitter:label1\" content=\"Gesch\u00e4tzte Lesezeit\" \/>\n\t<meta name=\"twitter:data1\" content=\"2\u00a0Minuten\" \/>\n<script type=\"application\/ld+json\" class=\"yoast-schema-graph\">{\"@context\":\"https:\\\/\\\/schema.org\",\"@graph\":[{\"@type\":\"WebPage\",\"@id\":\"https:\\\/\\\/fondmetal.com\\\/de\\\/kontakt\\\/\",\"url\":\"https:\\\/\\\/fondmetal.com\\\/de\\\/kontakt\\\/\",\"name\":\"Kontaktieren Sie uns - Fondmetal | Qualit\u00e4ts-Alufelgen\",\"isPartOf\":{\"@id\":\"https:\\\/\\\/fondmetal.com\\\/de\\\/#website\"},\"datePublished\":\"2023-10-30T10:57:47+00:00\",\"dateModified\":\"2026-04-28T14:04:34+00:00\",\"description\":\"Kontaktieren Sie uns f\u00fcr Informationen und Unterst\u00fctzung zu unseren hochwertigen Leichtmetallr\u00e4dern. Wir sind f\u00fcr Sie da, um Ihnen bei allen Fragen zu helfen.\",\"breadcrumb\":{\"@id\":\"https:\\\/\\\/fondmetal.com\\\/de\\\/kontakt\\\/#breadcrumb\"},\"inLanguage\":\"de\",\"potentialAction\":[{\"@type\":\"ReadAction\",\"target\":[\"https:\\\/\\\/fondmetal.com\\\/de\\\/kontakt\\\/\"]}]},{\"@type\":\"BreadcrumbList\",\"@id\":\"https:\\\/\\\/fondmetal.com\\\/de\\\/kontakt\\\/#breadcrumb\",\"itemListElement\":[{\"@type\":\"ListItem\",\"position\":1,\"name\":\"Home\",\"item\":\"https:\\\/\\\/fondmetal.com\\\/de\\\/homepage\\\/\"},{\"@type\":\"ListItem\",\"position\":2,\"name\":\"Kontakt\"}]},{\"@type\":\"WebSite\",\"@id\":\"https:\\\/\\\/fondmetal.com\\\/de\\\/#website\",\"url\":\"https:\\\/\\\/fondmetal.com\\\/de\\\/\",\"name\":\"Fondmetal S.p.A.\",\"description\":\"Cerchi in lega Fondmetal. Qualit\u00e0 e innovazione da oltre 50 anni.\",\"publisher\":{\"@id\":\"https:\\\/\\\/fondmetal.com\\\/de\\\/#organization\"},\"potentialAction\":[{\"@type\":\"SearchAction\",\"target\":{\"@type\":\"EntryPoint\",\"urlTemplate\":\"https:\\\/\\\/fondmetal.com\\\/de\\\/?s={search_term_string}\"},\"query-input\":{\"@type\":\"PropertyValueSpecification\",\"valueRequired\":true,\"valueName\":\"search_term_string\"}}],\"inLanguage\":\"de\"},{\"@type\":\"Organization\",\"@id\":\"https:\\\/\\\/fondmetal.com\\\/de\\\/#organization\",\"name\":\"Fondmetal S.p.A.\",\"url\":\"https:\\\/\\\/fondmetal.com\\\/de\\\/\",\"logo\":{\"@type\":\"ImageObject\",\"inLanguage\":\"de\",\"@id\":\"https:\\\/\\\/fondmetal.com\\\/de\\\/#\\\/schema\\\/logo\\\/image\\\/\",\"url\":\"https:\\\/\\\/fondmetal.com\\\/wp-content\\\/uploads\\\/2024\\\/09\\\/logo-fm-white-c.webp\",\"contentUrl\":\"https:\\\/\\\/fondmetal.com\\\/wp-content\\\/uploads\\\/2024\\\/09\\\/logo-fm-white-c.webp\",\"width\":2332,\"height\":240,\"caption\":\"Fondmetal S.p.A.\"},\"image\":{\"@id\":\"https:\\\/\\\/fondmetal.com\\\/de\\\/#\\\/schema\\\/logo\\\/image\\\/\"},\"sameAs\":[\"https:\\\/\\\/www.facebook.com\\\/fondmetal\",\"https:\\\/\\\/www.instagram.com\\\/fondmetal\",\"https:\\\/\\\/www.youtube.com\\\/@fondmetalspa9019\",\"https:\\\/\\\/it.linkedin.com\\\/company\\\/fondmetal-spa\"]}]}<\/script>\n<!-- \/ Yoast SEO Premium plugin. -->","yoast_head_json":{"title":"Kontaktieren Sie uns - Fondmetal | Qualit\u00e4ts-Alufelgen","description":"Kontaktieren Sie uns f\u00fcr Informationen und Unterst\u00fctzung zu unseren hochwertigen Leichtmetallr\u00e4dern. Wir sind f\u00fcr Sie da, um Ihnen bei allen Fragen zu helfen.","robots":{"index":"index","follow":"follow","max-snippet":"max-snippet:-1","max-image-preview":"max-image-preview:large","max-video-preview":"max-video-preview:-1"},"canonical":"https:\/\/fondmetal.com\/de\/kontakt\/","og_locale":"de_DE","og_type":"article","og_title":"Kontakt","og_description":"Kontaktieren Sie uns f\u00fcr Informationen und Unterst\u00fctzung zu unseren hochwertigen Leichtmetallr\u00e4dern. Wir sind f\u00fcr Sie da, um Ihnen bei allen Fragen zu helfen.","og_url":"https:\/\/fondmetal.com\/de\/kontakt\/","og_site_name":"Fondmetal","article_publisher":"https:\/\/www.facebook.com\/fondmetal","article_modified_time":"2026-04-28T14:04:34+00:00","twitter_card":"summary_large_image","twitter_misc":{"Gesch\u00e4tzte Lesezeit":"2\u00a0Minuten"},"schema":{"@context":"https:\/\/schema.org","@graph":[{"@type":"WebPage","@id":"https:\/\/fondmetal.com\/de\/kontakt\/","url":"https:\/\/fondmetal.com\/de\/kontakt\/","name":"Kontaktieren Sie uns - Fondmetal | Qualit\u00e4ts-Alufelgen","isPartOf":{"@id":"https:\/\/fondmetal.com\/de\/#website"},"datePublished":"2023-10-30T10:57:47+00:00","dateModified":"2026-04-28T14:04:34+00:00","description":"Kontaktieren Sie uns f\u00fcr Informationen und Unterst\u00fctzung zu unseren hochwertigen Leichtmetallr\u00e4dern. Wir sind f\u00fcr Sie da, um Ihnen bei allen Fragen zu helfen.","breadcrumb":{"@id":"https:\/\/fondmetal.com\/de\/kontakt\/#breadcrumb"},"inLanguage":"de","potentialAction":[{"@type":"ReadAction","target":["https:\/\/fondmetal.com\/de\/kontakt\/"]}]},{"@type":"BreadcrumbList","@id":"https:\/\/fondmetal.com\/de\/kontakt\/#breadcrumb","itemListElement":[{"@type":"ListItem","position":1,"name":"Home","item":"https:\/\/fondmetal.com\/de\/homepage\/"},{"@type":"ListItem","position":2,"name":"Kontakt"}]},{"@type":"WebSite","@id":"https:\/\/fondmetal.com\/de\/#website","url":"https:\/\/fondmetal.com\/de\/","name":"Fondmetal S.p.A.","description":"Cerchi in lega Fondmetal. Qualit\u00e0 e innovazione da oltre 50 anni.","publisher":{"@id":"https:\/\/fondmetal.com\/de\/#organization"},"potentialAction":[{"@type":"SearchAction","target":{"@type":"EntryPoint","urlTemplate":"https:\/\/fondmetal.com\/de\/?s={search_term_string}"},"query-input":{"@type":"PropertyValueSpecification","valueRequired":true,"valueName":"search_term_string"}}],"inLanguage":"de"},{"@type":"Organization","@id":"https:\/\/fondmetal.com\/de\/#organization","name":"Fondmetal S.p.A.","url":"https:\/\/fondmetal.com\/de\/","logo":{"@type":"ImageObject","inLanguage":"de","@id":"https:\/\/fondmetal.com\/de\/#\/schema\/logo\/image\/","url":"https:\/\/fondmetal.com\/wp-content\/uploads\/2024\/09\/logo-fm-white-c.webp","contentUrl":"https:\/\/fondmetal.com\/wp-content\/uploads\/2024\/09\/logo-fm-white-c.webp","width":2332,"height":240,"caption":"Fondmetal S.p.A."},"image":{"@id":"https:\/\/fondmetal.com\/de\/#\/schema\/logo\/image\/"},"sameAs":["https:\/\/www.facebook.com\/fondmetal","https:\/\/www.instagram.com\/fondmetal","https:\/\/www.youtube.com\/@fondmetalspa9019","https:\/\/it.linkedin.com\/company\/fondmetal-spa"]}]}},"jetpack_shortlink":"https:\/\/wp.me\/PfespX-1gF","jetpack-related-posts":[{"id":4711,"url":"https:\/\/fondmetal.com\/sl\/kontakti\/","url_meta":{"origin":4877,"position":0},"title":"Kontakti","author":"Gianluca Manenti","date":"30. Oktober 2023","format":false,"excerpt":"","rel":"","context":"\u00c4hnlicher Beitrag","block_context":{"text":"\u00c4hnlicher Beitrag","link":""},"img":{"alt_text":"","src":"","width":0,"height":0},"classes":[]}],"jetpack_sharing_enabled":true,"_links":{"self":[{"href":"https:\/\/fondmetal.com\/de\/wp-json\/wp\/v2\/pages\/4877","targetHints":{"allow":["GET"]}}],"collection":[{"href":"https:\/\/fondmetal.com\/de\/wp-json\/wp\/v2\/pages"}],"about":[{"href":"https:\/\/fondmetal.com\/de\/wp-json\/wp\/v2\/types\/page"}],"author":[{"embeddable":true,"href":"https:\/\/fondmetal.com\/de\/wp-json\/wp\/v2\/users\/241724721"}],"replies":[{"embeddable":true,"href":"https:\/\/fondmetal.com\/de\/wp-json\/wp\/v2\/comments?post=4877"}],"version-history":[{"count":7,"href":"https:\/\/fondmetal.com\/de\/wp-json\/wp\/v2\/pages\/4877\/revisions"}],"predecessor-version":[{"id":9901,"href":"https:\/\/fondmetal.com\/de\/wp-json\/wp\/v2\/pages\/4877\/revisions\/9901"}],"wp:attachment":[{"href":"https:\/\/fondmetal.com\/de\/wp-json\/wp\/v2\/media?parent=4877"}],"curies":[{"name":"wp","href":"https:\/\/api.w.org\/{rel}","templated":true}]}}